{"id":3656,"date":"2020-01-21T08:15:55","date_gmt":"2020-01-21T08:15:55","guid":{"rendered":"https:\/\/www.dimitrouli.gr\/en\/?page_id=3656"},"modified":"2025-08-28T08:34:12","modified_gmt":"2025-08-28T08:34:12","slug":"%ce%b1%cf%81%cf%87%ce%b9%ce%ba%ce%ae-%cf%83%ce%b5%ce%bb%ce%af%ce%b4%ce%b1","status":"publish","type":"page","link":"https:\/\/www.dimitrouli.gr\/en\/%ce%b1%cf%81%cf%87%ce%b9%ce%ba%ce%ae-%cf%83%ce%b5%ce%bb%ce%af%ce%b4%ce%b1\/?lang=de","title":{"rendered":"Zahnarzt"},"content":{"rendered":"<section class=\"l-section wpb_row height_auto width_full desktop\" style=\"padding-top: 160px !important;\"><div class=\"l-section-h i-cf\"><div class=\"g-cols type_default valign_top\"><div class=\"vc_col-sm-12 wpb_column vc_column_container animate_aft\"><div class=\"vc_column-inner\"><div class=\"wpb_wrapper\"><div class=\"w-image\"><div class=\"w-image-h\"><img loading=\"lazy\" decoding=\"async\" width=\"1920\" height=\"550\" src=\"https:\/\/www.dimitrouli.gr\/en\/wp-content\/uploads\/2018\/12\/slide-aponevrosi.jpg\" class=\"attachment-full size-full\" alt=\"\" srcset=\"https:\/\/www.dimitrouli.gr\/en\/wp-content\/uploads\/2018\/12\/slide-aponevrosi.jpg 1920w, https:\/\/www.dimitrouli.gr\/en\/wp-content\/uploads\/2018\/12\/slide-aponevrosi-300x86.jpg 300w, https:\/\/www.dimitrouli.gr\/en\/wp-content\/uploads\/2018\/12\/slide-aponevrosi-768x220.jpg 768w, https:\/\/www.dimitrouli.gr\/en\/wp-content\/uploads\/2018\/12\/slide-aponevrosi-1024x293.jpg 1024w\" sizes=\"(max-width: 1920px) 100vw, 1920px\" \/><\/div><\/div>\r\n\t<div class=\"wpb_text_column \">\r\n\t\t<div class=\"wpb_wrapper\">\r\n\t\t\t<div style=\"position: absolute; left: 50%; top: 35%;\">\n<h2 style=\"text-shadow: 2px 2px 2px #000000; text-align: center; position: relative; left: -50%; color: #fff;\">Dr. med. dent. Mariza Dimitrouli<br \/>\nZahnarzt Thermi &#8211; Thessaloniki.<\/h2>\n<\/div>\n\r\n\t\t<\/div>\r\n\t<\/div>\r\n<\/div><\/div><\/div><\/div><\/div><\/section><section class=\"l-section wpb_row height_auto width_full mobile\" style=\"padding-top: 240px !important;\"><div class=\"l-section-h i-cf\"><div class=\"g-cols type_default valign_top\"><div class=\"vc_col-sm-12 wpb_column vc_column_container animate_aft\"><div class=\"vc_column-inner\"><div class=\"wpb_wrapper\"><div class=\"w-image\"><div class=\"w-image-h\"><img loading=\"lazy\" decoding=\"async\" width=\"1000\" height=\"550\" src=\"https:\/\/www.dimitrouli.gr\/en\/wp-content\/uploads\/2020\/04\/slide-aponevrosi-mobile.jpg\" class=\"attachment-full size-full\" alt=\"\" srcset=\"https:\/\/www.dimitrouli.gr\/en\/wp-content\/uploads\/2020\/04\/slide-aponevrosi-mobile.jpg 1000w, https:\/\/www.dimitrouli.gr\/en\/wp-content\/uploads\/2020\/04\/slide-aponevrosi-mobile-300x165.jpg 300w, https:\/\/www.dimitrouli.gr\/en\/wp-content\/uploads\/2020\/04\/slide-aponevrosi-mobile-768x422.jpg 768w\" sizes=\"(max-width: 1000px) 100vw, 1000px\" \/><\/div><\/div>\r\n\t<div class=\"wpb_text_column  vc_custom_1719825309394 mobilehometext\">\r\n\t\t<div class=\"wpb_wrapper\">\r\n\t\t\t<h2 style=\"font-size: 16px; text-shadow: 2px 2px 2px #000000; text-align: center; color: #fff;\">Dr. med. dent. Mariza Dimitrouli<br \/>\nZahnarzt<br \/>\nThessaloniki &#8211; Thermi<\/h2>\n\r\n\t\t<\/div>\r\n\t<\/div>\r\n<\/div><\/div><\/div><\/div><\/div><\/section><section class=\"l-section wpb_row height_auto\" style=\"margin-top: 50px !important;padding-top: 0px !important;\"><div class=\"l-section-h i-cf\"><div class=\"g-cols type_default valign_top\"><div class=\"vc_col-sm-12 wpb_column vc_column_container\"><div class=\"vc_column-inner\"><div class=\"wpb_wrapper\">\r\n\t<div class=\"wpb_text_column \">\r\n\t\t<div class=\"wpb_wrapper\">\r\n\t\t\t<h1 style=\"color: #447b9f; font-size: 26px;\">Zahnarzt in Thessaloniki, Thermi \u2013 Dr. med. dent. Mariza Dimitrouli<\/h1>\n\r\n\t\t<\/div>\r\n\t<\/div>\r\n<\/div><\/div><\/div><\/div><\/div><\/section><section class=\"l-section wpb_row height_auto\" style=\"padding-top: 55px !important;padding-bottom: 40px !important;\"><div class=\"l-section-h i-cf\"><div class=\"g-cols type_default valign_top\"><div class=\"vc_col-sm-3 wpb_column vc_column_container\"><div class=\"vc_column-inner\"><div class=\"wpb_wrapper\"><div class=\"w-image align_left\"><div class=\"w-image-h\"><img loading=\"lazy\" decoding=\"async\" width=\"240\" height=\"332\" src=\"https:\/\/www.dimitrouli.gr\/en\/wp-content\/uploads\/2017\/07\/image-profile.jpg\" class=\"attachment-full size-full\" alt=\"\" srcset=\"https:\/\/www.dimitrouli.gr\/en\/wp-content\/uploads\/2017\/07\/image-profile.jpg 240w, https:\/\/www.dimitrouli.gr\/en\/wp-content\/uploads\/2017\/07\/image-profile-217x300.jpg 217w\" sizes=\"(max-width: 240px) 100vw, 240px\" \/><\/div><\/div><\/div><\/div><\/div><div class=\"vc_col-sm-9 wpb_column vc_column_container\"><div class=\"vc_column-inner\"><div class=\"wpb_wrapper\">\r\n\t<div class=\"wpb_text_column \">\r\n\t\t<div class=\"wpb_wrapper\">\r\n\t\t\t<p>Die zahn\u00e4rztin <strong>Dr. med. dent. Mariza Dimitrouli,<\/strong> seit <strong>5 Jahren in Deutschland<\/strong> spezialisiert und weitergebildet, ist in folgenden Bereichen der Zahnheilkunde t\u00e4tig:<\/p>\n<ul>\n<li><strong>Allgemeine Zahnheilkunde<\/strong> (d. H. F\u00fcllungstherapie, pr\u00e4ventive Zahnheilkunde, Zahnsteinentfernung, Fissurenversiegelung, Zahnkrone und Zahnbr\u00fccke, Zahnextraktion, Parodontologie, \u00e4sthetische Zahnheilkunde, Bleaching, Schienentherapie usw.)<\/li>\n<li><strong>Wurzelkanalbehandlung<\/strong> als auch Revision einer alten Wurzelkanalbehandlung<\/li>\n<li><strong>Kinderzahnheilkunde<\/strong> (d. H. Milchz\u00e4hne und bleibende Z\u00e4hne F\u00fcllungstherapie, Fissurenversiegelung, Extraktion der Milchz\u00e4hne, Fluoridierung, Pulpotomie der Milchz\u00e4hne usw.)<\/li>\n<\/ul>\n<p><strong>Dr. med. dent. M. Dimitrouli<\/strong> arbeitet in ihrer eigenen Zahnarztpraxis f\u00fcr Erwachsene und Kinder in <strong>Thermi &#8211; Thessaloniki (Griechenland)<\/strong><\/p>\n\r\n\t\t<\/div>\r\n\t<\/div>\r\n<\/div><\/div><\/div><\/div><\/div><\/section><section class=\"l-section wpb_row height_auto\"><div class=\"l-section-h i-cf\"><div class=\"g-cols type_default valign_top\"><div class=\"vc_col-sm-12 wpb_column vc_column_container\"><div class=\"vc_column-inner\"><div class=\"wpb_wrapper\">[vc_custom_heading text=&#8221;Contact&#8221; font_container=&#8221;tag:h3|font_size:24|text_align:center|color:%23457b9f&#8221; use_theme_fonts=&#8221;yes&#8221; el_class=&#8221;heading-line&#8221;]<\/div><\/div><\/div><div class=\"vc_col-sm-12 wpb_column vc_column_container\"><div class=\"vc_column-inner\"><div class=\"wpb_wrapper\"><div class=\"g-cols wpb_row type_default valign_top vc_inner contact-box \"><div class=\"vc_col-sm-4 wpb_column vc_column_container\"><div class=\"vc_column-inner\"><div class=\"wpb_wrapper\">\r\n\t<div class=\"wpb_text_column  contact-box\">\r\n\t\t<div class=\"wpb_wrapper\">\r\n\t\t\t<p style=\"text-align: center;\"><i class=\"fa fa-map-marker\" style=\"font-size: 72px;\"><\/i><br \/>\nTavaki &#8211; Th. Litsa 10,<br \/>\nThermi &#8211; Thessaloniki<\/p>\n\r\n\t\t<\/div>\r\n\t<\/div>\r\n<\/div><\/div><\/div><div class=\"vc_col-sm-4 wpb_column vc_column_container\"><div class=\"vc_column-inner  vc_custom_1499346460109\"><div class=\"wpb_wrapper\">\r\n\t<div class=\"wpb_text_column  contact-box\">\r\n\t\t<div class=\"wpb_wrapper\">\r\n\t\t\t<p style=\"text-align: center;\"><i class=\"fa fa-phone\" style=\"font-size: 72px;\"><\/i><br \/>\nTel. +30 2310 46 10 44<br \/>\nMob. +30 6944 62 72 62<\/p>\n\r\n\t\t<\/div>\r\n\t<\/div>\r\n<\/div><\/div><\/div><div class=\"vc_col-sm-4 wpb_column vc_column_container\"><div class=\"vc_column-inner\"><div class=\"wpb_wrapper\">\r\n\t<div class=\"wpb_text_column  contact-box\">\r\n\t\t<div class=\"wpb_wrapper\">\r\n\t\t\t<p style=\"text-align: center;\"><i class=\"fa fa-envelope-o\" style=\"font-size: 72px;\"><\/i><br \/>\n<a href=\"mailto:info@dimitrouli.gr\">info@dimitrouli.gr<\/a><\/p>\n\r\n\t\t<\/div>\r\n\t<\/div>\r\n<\/div><\/div><\/div><\/div><\/div><\/div><\/div><\/div><\/div><\/section><!-- Row Backgrounds --><div class=\"upb_color\" data-bg-override=\"0\" data-bg-color=\"#f6f6f6\" data-fadeout=\"\" data-fadeout-percentage=\"30\" data-parallax-content=\"\" data-parallax-content-sense=\"30\" data-row-effect-mobile-disable=\"true\" data-img-parallax-mobile-disable=\"true\" data-rtl=\"false\"  data-custom-vc-row=\"\"  data-vc=\"7.4\"  data-is_old_vc=\"\"  data-theme-support=\"\"   data-overlay=\"false\" data-overlay-color=\"\" data-overlay-pattern=\"\" data-overlay-pattern-opacity=\"\" data-overlay-pattern-size=\"\"    ><\/div>\n","protected":false},"excerpt":{"rendered":"...","protected":false},"author":2,"featured_media":0,"parent":0,"menu_order":0,"comment_status":"closed","ping_status":"closed","template":"","meta":{"footnotes":""},"_links":{"self":[{"href":"https:\/\/www.dimitrouli.gr\/en\/wp-json\/wp\/v2\/pages\/3656"}],"collection":[{"href":"https:\/\/www.dimitrouli.gr\/en\/wp-json\/wp\/v2\/pages"}],"about":[{"href":"https:\/\/www.dimitrouli.gr\/en\/wp-json\/wp\/v2\/types\/page"}],"author":[{"embeddable":true,"href":"https:\/\/www.dimitrouli.gr\/en\/wp-json\/wp\/v2\/users\/2"}],"replies":[{"embeddable":true,"href":"https:\/\/www.dimitrouli.gr\/en\/wp-json\/wp\/v2\/comments?post=3656"}],"version-history":[{"count":23,"href":"https:\/\/www.dimitrouli.gr\/en\/wp-json\/wp\/v2\/pages\/3656\/revisions"}],"predecessor-version":[{"id":4444,"href":"https:\/\/www.dimitrouli.gr\/en\/wp-json\/wp\/v2\/pages\/3656\/revisions\/4444"}],"wp:attachment":[{"href":"https:\/\/www.dimitrouli.gr\/en\/wp-json\/wp\/v2\/media?parent=3656"}],"curies":[{"name":"wp","href":"https:\/\/api.w.org\/{rel}","templated":true}]}}